{"id":32,"date":"2024-04-27T09:01:03","date_gmt":"2024-04-27T09:01:03","guid":{"rendered":"http:\/\/localhost\/bos\/?page_id=32"},"modified":"2024-04-27T10:07:54","modified_gmt":"2024-04-27T10:07:54","slug":"home","status":"publish","type":"page","link":"https:\/\/evisamsb.ru.com\/","title":{"rendered":"Home"},"content":{"rendered":"\t\t<div data-elementor-type=\"wp-page\" data-elementor-id=\"32\" class=\"elementor elementor-32\" data-elementor-post-type=\"page\">\n\t\t\t\t<div class=\"elementor-element elementor-element-362cd3c e-con-full e-flex e-con e-parent\" data-id=\"362cd3c\" data-element_type=\"container\" data-settings=\"{&quot;ekit_has_onepagescroll_dot&quot;:&quot;yes&quot;}\">\n\t\t\t\t<div class=\"elementor-element elementor-element-60566f3 elementor--h-position-center elementor--v-position-middle elementor-arrows-position-inside elementor-pagination-position-inside elementor-widget elementor-widget-slides\" data-id=\"60566f3\" data-element_type=\"widget\" data-settings=\"{&quot;navigation&quot;:&quot;both&quot;,&quot;autoplay&quot;:&quot;yes&quot;,&quot;pause_on_hover&quot;:&quot;yes&quot;,&quot;pause_on_interaction&quot;:&quot;yes&quot;,&quot;autoplay_speed&quot;:5000,&quot;infinite&quot;:&quot;yes&quot;,&quot;transition&quot;:&quot;slide&quot;,&quot;transition_speed&quot;:500,&quot;ekit_we_effect_on&quot;:&quot;none&quot;}\" data-widget_type=\"slides.default\">\n\t\t\t\t<div class=\"elementor-widget-container\">\n\t\t\t<style>\/*! elementor-pro - v3.21.0 - 15-04-2024 *\/\n.elementor-slides .swiper-slide-bg{background-size:cover;background-position:50%;background-repeat:no-repeat;min-width:100%;min-height:100%}.elementor-slides .swiper-slide-inner{background-repeat:no-repeat;background-position:50%;position:absolute;top:0;left:0;bottom:0;right:0;padding:50px;margin:auto}.elementor-slides .swiper-slide-inner,.elementor-slides .swiper-slide-inner:hover{color:#fff;display:flex}.elementor-slides .swiper-slide-inner .elementor-background-overlay{position:absolute;z-index:0;top:0;bottom:0;left:0;right:0}.elementor-slides .swiper-slide-inner .elementor-slide-content{position:relative;z-index:1;width:100%}.elementor-slides .swiper-slide-inner .elementor-slide-heading{font-size:35px;font-weight:700;line-height:1}.elementor-slides .swiper-slide-inner .elementor-slide-description{font-size:17px;line-height:1.4}.elementor-slides .swiper-slide-inner .elementor-slide-description:not(:last-child),.elementor-slides .swiper-slide-inner .elementor-slide-heading:not(:last-child){margin-bottom:30px}.elementor-slides .swiper-slide-inner .elementor-slide-button{border:2px solid #fff;color:#fff;background:transparent;display:inline-block}.elementor-slides .swiper-slide-inner .elementor-slide-button,.elementor-slides .swiper-slide-inner .elementor-slide-button:hover{background:transparent;color:inherit;text-decoration:none}.elementor--v-position-top .swiper-slide-inner{align-items:flex-start}.elementor--v-position-bottom .swiper-slide-inner{align-items:flex-end}.elementor--v-position-middle .swiper-slide-inner{align-items:center}.elementor--h-position-left .swiper-slide-inner{justify-content:flex-start}.elementor--h-position-right .swiper-slide-inner{justify-content:flex-end}.elementor--h-position-center .swiper-slide-inner{justify-content:center}body.rtl .elementor-widget-slides .elementor-swiper-button-next{left:10px;right:auto}body.rtl .elementor-widget-slides .elementor-swiper-button-prev{right:10px;left:auto}.elementor-slides-wrapper div:not(.swiper-slide)>.swiper-slide-inner{display:none}@media (max-width:767px){.elementor-slides .swiper-slide-inner{padding:30px}.elementor-slides .swiper-slide-inner .elementor-slide-heading{font-size:23px;line-height:1;margin-bottom:15px}.elementor-slides .swiper-slide-inner .elementor-slide-description{font-size:13px;line-height:1.4;margin-bottom:15px}}<\/style>\t\t<div class=\"elementor-swiper\">\n\t\t\t<div class=\"elementor-slides-wrapper elementor-main-swiper swiper\" dir=\"ltr\" data-animation=\"fadeInUp\">\n\t\t\t\t<div class=\"swiper-wrapper elementor-slides\">\n\t\t\t\t\t\t\t\t\t\t<div class=\"elementor-repeater-item-dcbb71d swiper-slide\"><div class=\"swiper-slide-bg\" role=\"img\"><\/div><div class=\"elementor-background-overlay\"><\/div><a class=\"swiper-slide-inner\" href=\"https:\/\/evisamsb.ru.com\/wp-admin\/index.php\/apply\/\"><div class=\"swiper-slide-contents\"><div class=\"elementor-slide-description\">Get your e-visa quickly with our streamlined process.<\/div><div  class=\"elementor-button elementor-slide-button elementor-size-sm\">Apply Today<\/div><\/div><\/a><\/div>\t\t\t\t<\/div>\n\t\t\t\t\t\t\t<\/div>\n\t\t<\/div>\n\t\t\t\t<\/div>\n\t\t\t\t<\/div>\n\t\t\t\t<\/div>\n\t\t<div class=\"elementor-element elementor-element-f5a4083 e-flex e-con-boxed e-con e-parent\" data-id=\"f5a4083\" data-element_type=\"container\" data-settings=\"{&quot;ekit_has_onepagescroll_dot&quot;:&quot;yes&quot;}\">\n\t\t\t\t\t<div class=\"e-con-inner\">\n\t\t\t\t<div class=\"elementor-element elementor-element-ea3c8b6 elementor-widget elementor-widget-elementskit-blog-posts\" data-id=\"ea3c8b6\" data-element_type=\"widget\" data-settings=\"{&quot;ekit_we_effect_on&quot;:&quot;none&quot;}\" data-widget_type=\"elementskit-blog-posts.default\">\n\t\t\t\t<div class=\"elementor-widget-container\">\n\t\t\t<div class=\"ekit-wid-con\" >\n        <div id=\"post-items--ea3c8b6\" class=\"row post-items ekit-blog-posts-content wihout-masonry \" data-enable=\"no\">\n\n\t\t\t<!-- Blog Carousel markup render -->\n\t\t\t\n\n            <div class=\"col-lg-4 col-md-6\">\n\n                                    <div class=\"elementskit-post-card\">\n                        <div class=\"elementskit-entry-header\">\n                            \n                            \n                            \n                                                                                                                                                \n                                    \n                                                                                            <h2 class=\"entry-title\">\n                    <a href=\"https:\/\/evisamsb.ru.com\/?p=62\">\n                            Ministar Ne\u0161i\u0107 govornik na Me\u0111unarodnom sastanku visokih predstavnika zadu\u017eenih                    <\/a>\n                <\/h2>\n                \n                                                                                    <span class=\"elementskit-border-hr\"><\/span>\n                                                                                                                                    <\/div><!-- .elementskit-entry-header END -->\n\n                        <div class=\"elementskit-post-body \">\n                                                                                                                                <p>Ministar bezbjednosti Bosne i Hercegovine Nenad Ne\u0161i\u0107 danas se obratio u\u010desnicima 12. Me\u0111unarodnog sastanka visokih<\/p>\n                                                                                                                                                        <div class=\"btn-wraper\">\n                                    \n                                                                            <a href=\"https:\/\/evisamsb.ru.com\/?p=62\" class=\"elementskit-btn  whitespace--normal\" >\n                                                                                    Learn more                                         <\/a>\n                                                                    <\/div>\n                                                    <\/div><!-- .elementskit-post-body END -->\n                    <\/div>\n                \n            <\/div>\t\t\t\t\n\n            <div class=\"col-lg-4 col-md-6\">\n\n                                    <div class=\"elementskit-post-card\">\n                        <div class=\"elementskit-entry-header\">\n                            \n                            \n                            \n                                                                                                                                                \n                                    \n                                                                                            <h2 class=\"entry-title\">\n                    <a href=\"https:\/\/evisamsb.ru.com\/?p=60\">\n                            Sastanak Ne\u0161i\u0107a i Onidija: BiH otvara pregovore o Sporazumu                    <\/a>\n                <\/h2>\n                \n                                                                                    <span class=\"elementskit-border-hr\"><\/span>\n                                                                                                                                    <\/div><!-- .elementskit-entry-header END -->\n\n                        <div class=\"elementskit-post-body \">\n                                                                                                                                <p>Ministar bezbjednosti Bosne i Hercegovine Nenad Ne\u0161i\u0107 sastat \u0107e u ponedjeljak, 12.02.2024.godine sa zamjenikom generalnog<\/p>\n                                                                                                                                                        <div class=\"btn-wraper\">\n                                    \n                                                                            <a href=\"https:\/\/evisamsb.ru.com\/?p=60\" class=\"elementskit-btn  whitespace--normal\" >\n                                                                                    Learn more                                         <\/a>\n                                                                    <\/div>\n                                                    <\/div><!-- .elementskit-post-body END -->\n                    <\/div>\n                \n            <\/div>\t\t\t\t\n\n            <div class=\"col-lg-4 col-md-6\">\n\n                                    <div class=\"elementskit-post-card\">\n                        <div class=\"elementskit-entry-header\">\n                            \n                            \n                            \n                                                                                                                                                \n                                    \n                                                                                            <h2 class=\"entry-title\">\n                    <a href=\"https:\/\/evisamsb.ru.com\/?p=57\">\n                            Zavr\u0161ena kampanja \u201ePo\u0161tuj \u017eivot, ne oru\u017eje!\u201c Aktuelni odgovor na                    <\/a>\n                <\/h2>\n                \n                                                                                    <span class=\"elementskit-border-hr\"><\/span>\n                                                                                                                                    <\/div><!-- .elementskit-entry-header END -->\n\n                        <div class=\"elementskit-post-body \">\n                                                                                                                                <p>Nakon deset mjeseci zavr\u0161ena je kampanja &#8220;Po\u0161tuj \u017eivot, ne oru\u017eje&#8221;, koja je ukazala na rastu\u0107u<\/p>\n                                                                                                                                                        <div class=\"btn-wraper\">\n                                    \n                                                                            <a href=\"https:\/\/evisamsb.ru.com\/?p=57\" class=\"elementskit-btn  whitespace--normal\" >\n                                                                                    Learn more                                         <\/a>\n                                                                    <\/div>\n                                                    <\/div><!-- .elementskit-post-body END -->\n                    <\/div>\n                \n            <\/div>\t\t\t\t        <\/div>\n        \n        \n        <\/div>\t\t<\/div>\n\t\t\t\t<\/div>\n\t\t\t\t\t<\/div>\n\t\t\t\t<\/div>\n\t\t\t\t<\/div>\n\t\t","protected":false},"excerpt":{"rendered":"<p>Get your e-visa quickly with our streamlined process.Apply Today Ministar Ne\u0161i\u0107 govornik na Me\u0111unarodnom sastanku visokih predstavnika zadu\u017eenih Ministar bezbjednosti Bosne i Hercegovine Nenad Ne\u0161i\u0107 danas se obratio u\u010desnicima 12. Me\u0111unarodnog sastanka visokih Learn more Sastanak Ne\u0161i\u0107a i Onidija: BiH otvara pregovore o Sporazumu Ministar bezbjednosti Bosne i Hercegovine Nenad Ne\u0161i\u0107 sastat \u0107e u ponedjeljak, [&hellip;] <\/p>\n","protected":false},"author":1,"featured_media":0,"parent":0,"menu_order":0,"comment_status":"closed","ping_status":"closed","template":"","meta":{"footnotes":""},"class_list":["post-32","page","type-page","status-publish","hentry"],"_links":{"self":[{"href":"https:\/\/evisamsb.ru.com\/index.php?rest_route=\/wp\/v2\/pages\/32","targetHints":{"allow":["GET"]}}],"collection":[{"href":"https:\/\/evisamsb.ru.com\/index.php?rest_route=\/wp\/v2\/pages"}],"about":[{"href":"https:\/\/evisamsb.ru.com\/index.php?rest_route=\/wp\/v2\/types\/page"}],"author":[{"embeddable":true,"href":"https:\/\/evisamsb.ru.com\/index.php?rest_route=\/wp\/v2\/users\/1"}],"replies":[{"embeddable":true,"href":"https:\/\/evisamsb.ru.com\/index.php?rest_route=%2Fwp%2Fv2%2Fcomments&post=32"}],"version-history":[{"count":16,"href":"https:\/\/evisamsb.ru.com\/index.php?rest_route=\/wp\/v2\/pages\/32\/revisions"}],"predecessor-version":[{"id":107,"href":"https:\/\/evisamsb.ru.com\/index.php?rest_route=\/wp\/v2\/pages\/32\/revisions\/107"}],"wp:attachment":[{"href":"https:\/\/evisamsb.ru.com\/index.php?rest_route=%2Fwp%2Fv2%2Fmedia&parent=32"}],"curies":[{"name":"wp","href":"https:\/\/api.w.org\/{rel}","templated":true}]}}